{"id":1102,"date":"2025-11-10T17:37:38","date_gmt":"2025-11-10T17:37:38","guid":{"rendered":"https:\/\/site.aedlv.pt\/?page_id=1102"},"modified":"2026-05-12T11:06:47","modified_gmt":"2026-05-12T10:06:47","slug":"docs","status":"publish","type":"page","link":"https:\/\/aedlv.pt\/?page_id=1102","title":{"rendered":"Documentos P\u00fablicos"},"content":{"rendered":"<h1>Documentos<\/h1>\n<h1>P\u00fablicos<\/h1>\n<h3>Documenta\u00e7\u00e3o<\/h3>\n<article\n\tdata-id=\"17\"><br \/>\n\t<img decoding=\"async\" alt=\"betterdocs-category-icon\" src=\"https:\/\/aedlv.pt\/wp-content\/plugins\/betterdocs\/assets\/admin\/images\/betterdocs-cat-icon.svg?v=4.3.6\" \/><\/p>\n<h3>Documentos de Orienta\u00e7\u00e3o Estrat\u00e9gica<\/h3>\n<p>\t\t 11 \t<\/p>\n<ul>\n<li><a href=\"https:\/\/aedlv.pt\/?docs=projecto-de-relatorio\">Projecto de Relat\u00f3rio <\/a><\/li>\n<li><a href=\"https:\/\/aedlv.pt\/?docs=principais-linhas-orientadoras-para-elaboracao-do-orcamento\">Principais linhas orientadoras para elabora\u00e7\u00e3o do or\u00e7amento <\/a><\/li>\n<li><a href=\"https:\/\/aedlv.pt\/?docs=documento-orientador-para-organizacao-do-ano-letivo\">Documento Orientador para Organiza\u00e7\u00e3o do Ano Letivo <\/a><\/li>\n<li><a href=\"https:\/\/aedlv.pt\/?docs=v\">Programa de Mentoria <\/a><\/li>\n<li><a href=\"https:\/\/aedlv.pt\/?docs=estrategia-de-educacao-para-a-cidadania\">Estrat\u00e9gia de Educa\u00e7\u00e3o para a Cidadania <\/a><\/li>\n<li><a href=\"https:\/\/aedlv.pt\/?docs=plano-de-acao-para-o-desenvolvimento-digital-da-escola\">Plano de A\u00e7\u00e3o para o Desenvolvimento Digital da Escola <\/a><\/li>\n<li><a href=\"https:\/\/aedlv.pt\/?docs=plano-anual-de-atividades\">Plano Anual de Atividades <\/a><\/li>\n<li><a href=\"https:\/\/aedlv.pt\/?docs=regulamento-interno\">Regulamento Interno <\/a><\/li>\n<li><a href=\"https:\/\/aedlv.pt\/?docs=projeto-educativo\">Projeto Educativo <\/a><\/li>\n<\/ul>\n<p><a href=\"https:\/\/aedlv.pt\/?doc_category=documentos-de-orientacao-estrategica\"><br \/>\n\tVer Mais<\/a><br \/>\n<\/article>\n<article\n\tdata-id=\"18\"><br \/>\n\t<img decoding=\"async\" alt=\"betterdocs-category-icon\" src=\"https:\/\/aedlv.pt\/wp-content\/plugins\/betterdocs\/assets\/admin\/images\/betterdocs-cat-icon.svg?v=4.3.6\" \/><\/p>\n<h3>Autoavalia\u00e7\u00e3o do AEDLV<\/h3>\n<p>\t\t 5 \t<\/p>\n<ul>\n<li><a href=\"https:\/\/aedlv.pt\/?docs=plano-de-acao-de-melhoria-final-24-25-2\">Plano de A\u00e7\u00e3o de Melhoria  &#8211; Final 24\/25 <\/a><\/li>\n<li><a href=\"https:\/\/aedlv.pt\/?docs=plano-de-acao-de-melhoria-final-24-25\">Plano de A\u00e7\u00e3o de Melhoria  &#8211; Final 24\/25 <\/a><\/li>\n<li><a href=\"https:\/\/aedlv.pt\/?docs=planeamento-estrategico-25-26\">Planeamento Estrat\u00e9gico 25\/26 <\/a><\/li>\n<li><a href=\"https:\/\/aedlv.pt\/?docs=relatorio-de-auto-avaliacao-2024-2025\">Relat\u00f3rio de Auto Avalia\u00e7\u00e3o 2024\/2025 <\/a><\/li>\n<li><a href=\"https:\/\/aedlv.pt\/?docs=referencial-de-auto-avaliacao-25-26\">Referencial de Auto Avalia\u00e7\u00e3o 25\/26 <\/a><\/li>\n<\/ul>\n<\/article>\n<article\n\tdata-id=\"19\"><br \/>\n\t<img decoding=\"async\" alt=\"betterdocs-category-icon\" src=\"https:\/\/aedlv.pt\/wp-content\/plugins\/betterdocs\/assets\/admin\/images\/betterdocs-cat-icon.svg?v=4.3.6\" \/><\/p>\n<h3>Escola Inclusiva<\/h3>\n<p>\t\t 1 \t<\/p>\n<ul>\n<li><a href=\"https:\/\/aedlv.pt\/?docs=manual-de-acolhimento\">Manual de Acolhimento <\/a><\/li>\n<\/ul>\n<\/article>\n<article\n\tdata-id=\"20\"><br \/>\n\t<img decoding=\"async\" alt=\"betterdocs-category-icon\" src=\"https:\/\/aedlv.pt\/wp-content\/plugins\/betterdocs\/assets\/admin\/images\/betterdocs-cat-icon.svg?v=4.3.6\" \/><\/p>\n<h3>Matrizes Curriculares<\/h3>\n<p>\t\t 3 \t<\/p>\n<ul>\n<li><a href=\"https:\/\/aedlv.pt\/?docs=3-o-ciclo\">3.\u00ba Ciclo <\/a><\/li>\n<li><a href=\"https:\/\/aedlv.pt\/?docs=2-o-ciclo\">2.\u00ba Ciclo <\/a><\/li>\n<li><a href=\"https:\/\/aedlv.pt\/?docs=1o-ciclo\">1\u00ba Ciclo <\/a><\/li>\n<\/ul>\n<\/article>\n<article\n\tdata-id=\"21\"><br \/>\n\t<img decoding=\"async\" alt=\"betterdocs-category-icon\" src=\"https:\/\/aedlv.pt\/wp-content\/plugins\/betterdocs\/assets\/admin\/images\/betterdocs-cat-icon.svg?v=4.3.6\" \/><\/p>\n<h3>Crit\u00e9rios de Avalia\u00e7\u00e3o<\/h3>\n<p>\t\t 10 \t<\/p>\n<ul>\n<li><a href=\"https:\/\/aedlv.pt\/?docs=departamento-da-educacao-fisica\">Departamento da Educa\u00e7\u00e3o F\u00edsica <\/a><\/li>\n<li><a href=\"https:\/\/aedlv.pt\/?docs=departamento-das-expressoes\">Departamento das Express\u00f5es <\/a><\/li>\n<li><a href=\"https:\/\/aedlv.pt\/?docs=departamento-de-ciencias-exatas\">Departamento de Ci\u00eancias Exatas <\/a><\/li>\n<li><a href=\"https:\/\/aedlv.pt\/?docs=departamento-de-matematica\">Departamento de Matem\u00e1tica <\/a><\/li>\n<li><a href=\"https:\/\/aedlv.pt\/?docs=departamento-de-ciencias-humanas-e-sociais\">Departamento de Ci\u00eancias Humanas e Sociais <\/a><\/li>\n<li><a href=\"https:\/\/aedlv.pt\/?docs=departamento-de-linguas\">Departamento de L\u00ednguas <\/a><\/li>\n<li><a href=\"https:\/\/aedlv.pt\/?docs=departamento-de-portugues\">Departamento de Portugu\u00eas <\/a><\/li>\n<li><a href=\"https:\/\/aedlv.pt\/?docs=departamento-1o-ciclo\">Departamento 1\u00ba Ciclo <\/a><\/li>\n<li><a href=\"https:\/\/aedlv.pt\/?docs=departamento-do-pre-escolar\">Departamento do Pr\u00e9 Escolar <\/a><\/li>\n<\/ul>\n<p><a href=\"https:\/\/aedlv.pt\/?doc_category=criterios-de-avaliacao\"><br \/>\n\tVer Mais<\/a><br \/>\n<\/article>\n","protected":false},"excerpt":{"rendered":"<p>Documentos P\u00fablicos Documenta\u00e7\u00e3o Documentos de Orienta\u00e7\u00e3o Estrat\u00e9gica 11 Projecto de Relat\u00f3rio Principais linhas orientadoras para elabora\u00e7\u00e3o do or\u00e7amento Documento Orientador para Organiza\u00e7\u00e3o do Ano Letivo Programa de Mentoria Estrat\u00e9gia de Educa\u00e7\u00e3o para a Cidadania Plano de A\u00e7\u00e3o para o Desenvolvimento Digital da Escola Plano Anual de Atividades Regulamento Interno Projeto Educativo Ver Mais Autoavalia\u00e7\u00e3o do [&hellip;]<\/p>\n","protected":false},"author":5,"featured_media":0,"parent":0,"menu_order":0,"comment_status":"closed","ping_status":"closed","template":"elementor_header_footer","meta":{"_acf_changed":false,"footnotes":""},"class_list":["post-1102","page","type-page","status-publish","hentry"],"blocksy_meta":[],"acf":[],"_links":{"self":[{"href":"https:\/\/aedlv.pt\/index.php?rest_route=\/wp\/v2\/pages\/1102","targetHints":{"allow":["GET"]}}],"collection":[{"href":"https:\/\/aedlv.pt\/index.php?rest_route=\/wp\/v2\/pages"}],"about":[{"href":"https:\/\/aedlv.pt\/index.php?rest_route=\/wp\/v2\/types\/page"}],"author":[{"embeddable":true,"href":"https:\/\/aedlv.pt\/index.php?rest_route=\/wp\/v2\/users\/5"}],"replies":[{"embeddable":true,"href":"https:\/\/aedlv.pt\/index.php?rest_route=%2Fwp%2Fv2%2Fcomments&post=1102"}],"version-history":[{"count":7,"href":"https:\/\/aedlv.pt\/index.php?rest_route=\/wp\/v2\/pages\/1102\/revisions"}],"predecessor-version":[{"id":2316,"href":"https:\/\/aedlv.pt\/index.php?rest_route=\/wp\/v2\/pages\/1102\/revisions\/2316"}],"wp:attachment":[{"href":"https:\/\/aedlv.pt\/index.php?rest_route=%2Fwp%2Fv2%2Fmedia&parent=1102"}],"curies":[{"name":"wp","href":"https:\/\/api.w.org\/{rel}","templated":true}]}}