{"id":1256,"date":"2025-11-11T15:45:35","date_gmt":"2025-11-11T15:45:35","guid":{"rendered":"https:\/\/site.aedlv.pt\/?page_id=1256"},"modified":"2025-12-18T10:36:23","modified_gmt":"2025-12-18T10:36:23","slug":"conselho-administrativo","status":"publish","type":"page","link":"https:\/\/aedlv.pt\/?page_id=1256","title":{"rendered":"Conselho Administrativo"},"content":{"rendered":"\t\t<div data-elementor-type=\"wp-page\" data-elementor-id=\"1256\" class=\"elementor elementor-1256\" data-elementor-post-type=\"page\">\n\t\t\t\t<div class=\"elementor-element elementor-element-af2f92d e-con-full e-flex e-con e-parent\" data-id=\"af2f92d\" data-element_type=\"container\" data-settings=\"{&quot;background_background&quot;:&quot;classic&quot;}\">\n\t\t\t\t<div class=\"elementor-element elementor-element-82b5248 animated-slow elementor-invisible elementor-widget elementor-widget-heading\" data-id=\"82b5248\" data-element_type=\"widget\" data-settings=\"{&quot;_animation&quot;:&quot;zoomIn&quot;}\" data-widget_type=\"heading.default\">\n\t\t\t\t<div class=\"elementor-widget-container\">\n\t\t\t\t\t<h1 class=\"elementor-heading-title elementor-size-default\">Conselho Administrativo<\/h1>\t\t\t\t<\/div>\n\t\t\t\t<\/div>\n\t\t\t\t<div class=\"elementor-element elementor-element-a6bdfee elementor-invisible elementor-widget elementor-widget-text-editor\" data-id=\"a6bdfee\" data-element_type=\"widget\" data-settings=\"{&quot;_animation&quot;:&quot;fadeIn&quot;}\" data-widget_type=\"text-editor.default\">\n\t\t\t\t<div class=\"elementor-widget-container\">\n\t\t\t\t\t\t\t\t\t<p>Compromisso com o conhecimento e com a comunidade<\/p>\t\t\t\t\t\t\t\t<\/div>\n\t\t\t\t<\/div>\n\t\t\t\t<\/div>\n\t\t<div class=\"elementor-element elementor-element-a2da0d5 e-flex e-con-boxed elementor-invisible e-con e-parent\" data-id=\"a2da0d5\" data-element_type=\"container\" data-settings=\"{&quot;animation&quot;:&quot;fadeIn&quot;}\">\n\t\t\t\t\t<div class=\"e-con-inner\">\n\t\t<div class=\"elementor-element elementor-element-25c55c0 e-con-full e-flex elementor-invisible e-con e-child\" data-id=\"25c55c0\" data-element_type=\"container\" data-settings=\"{&quot;animation&quot;:&quot;fadeIn&quot;,&quot;background_background&quot;:&quot;classic&quot;}\">\n\t\t<div class=\"elementor-element elementor-element-ad5ad6a e-con-full e-flex e-con e-child\" data-id=\"ad5ad6a\" data-element_type=\"container\" data-settings=\"{&quot;background_background&quot;:&quot;classic&quot;}\">\n\t\t\t\t<div class=\"elementor-element elementor-element-bd8c9e6 elementor-widget elementor-widget-heading\" data-id=\"bd8c9e6\" data-element_type=\"widget\" data-widget_type=\"heading.default\">\n\t\t\t\t<div class=\"elementor-widget-container\">\n\t\t\t\t\t<h2 class=\"elementor-heading-title elementor-size-default\">Conselho Administrativo<\/h2>\t\t\t\t<\/div>\n\t\t\t\t<\/div>\n\t\t\t\t<\/div>\n\t\t\t\t<div class=\"elementor-element elementor-element-4b3408d elementor-widget elementor-widget-text-editor\" data-id=\"4b3408d\" data-element_type=\"widget\" data-widget_type=\"text-editor.default\">\n\t\t\t\t<div class=\"elementor-widget-container\">\n\t\t\t\t\t\t\t\t\t<p>O conselho administrativo \u00e9 o \u00f3rg\u00e3o deliberativo em mat\u00e9ria administrativo-financeira do agrupamento de escolas ou escola n\u00e3o agrupada.<\/p>\t\t\t\t\t\t\t\t<\/div>\n\t\t\t\t<\/div>\n\t\t<div class=\"elementor-element elementor-element-e0118be e-con-full e-flex e-con e-child\" data-id=\"e0118be\" data-element_type=\"container\">\n\t\t<div class=\"elementor-element elementor-element-2c762f7 e-con-full e-flex e-con e-child\" data-id=\"2c762f7\" data-element_type=\"container\">\n\t\t\t\t<div class=\"elementor-element elementor-element-36f8abc elementor-widget elementor-widget-heading\" data-id=\"36f8abc\" data-element_type=\"widget\" data-widget_type=\"heading.default\">\n\t\t\t\t<div class=\"elementor-widget-container\">\n\t\t\t\t\t<h5 class=\"elementor-heading-title elementor-size-default\">Presidente<\/h5>\t\t\t\t<\/div>\n\t\t\t\t<\/div>\n\t\t\t\t<\/div>\n\t\t<div class=\"elementor-element elementor-element-a1d93ef e-con-full e-flex e-con e-child\" data-id=\"a1d93ef\" data-element_type=\"container\">\n\t\t<div class=\"elementor-element elementor-element-fdcefd3 e-con-full e-flex e-con e-child\" data-id=\"fdcefd3\" data-element_type=\"container\" data-settings=\"{&quot;background_background&quot;:&quot;classic&quot;}\">\n\t\t\t\t<div class=\"elementor-element elementor-element-3ceb3e3 elementor-widget elementor-widget-heading\" data-id=\"3ceb3e3\" data-element_type=\"widget\" data-widget_type=\"heading.default\">\n\t\t\t\t<div class=\"elementor-widget-container\">\n\t\t\t\t\t<div class=\"elementor-heading-title elementor-size-default\">Carla Alexandra Diogo de Faria\n<\/div>\t\t\t\t<\/div>\n\t\t\t\t<\/div>\n\t\t\t\t<\/div>\n\t\t\t\t<\/div>\n\t\t\t\t<\/div>\n\t\t<div class=\"elementor-element elementor-element-75da4d3 e-con-full e-flex e-con e-child\" data-id=\"75da4d3\" data-element_type=\"container\">\n\t\t<div class=\"elementor-element elementor-element-c5d8075 e-con-full e-flex e-con e-child\" data-id=\"c5d8075\" data-element_type=\"container\">\n\t\t\t\t<\/div>\n\t\t<div class=\"elementor-element elementor-element-12699bf e-con-full e-flex e-con e-child\" data-id=\"12699bf\" data-element_type=\"container\">\n\t\t<div class=\"elementor-element elementor-element-e12d7fb e-con-full e-flex e-con e-child\" data-id=\"e12d7fb\" data-element_type=\"container\" data-settings=\"{&quot;background_background&quot;:&quot;classic&quot;}\">\n\t\t\t\t<div class=\"elementor-element elementor-element-03d695e elementor-widget elementor-widget-heading\" data-id=\"03d695e\" data-element_type=\"widget\" data-widget_type=\"heading.default\">\n\t\t\t\t<div class=\"elementor-widget-container\">\n\t\t\t\t\t<div class=\"elementor-heading-title elementor-size-default\">Mansur Floriano Sem\u00e1 Santos\n<\/div>\t\t\t\t<\/div>\n\t\t\t\t<\/div>\n\t\t\t\t<\/div>\n\t\t\t\t<\/div>\n\t\t\t\t<\/div>\n\t\t<div class=\"elementor-element elementor-element-6235129 e-con-full e-flex e-con e-child\" data-id=\"6235129\" data-element_type=\"container\">\n\t\t<div class=\"elementor-element elementor-element-2d4c45b e-con-full e-flex e-con e-child\" data-id=\"2d4c45b\" data-element_type=\"container\">\n\t\t\t\t<\/div>\n\t\t<div class=\"elementor-element elementor-element-c5ad800 e-con-full e-flex e-con e-child\" data-id=\"c5ad800\" data-element_type=\"container\">\n\t\t<div class=\"elementor-element elementor-element-75be48b e-con-full e-flex e-con e-child\" data-id=\"75be48b\" data-element_type=\"container\" data-settings=\"{&quot;background_background&quot;:&quot;classic&quot;}\">\n\t\t\t\t<div class=\"elementor-element elementor-element-7fbc499 elementor-widget elementor-widget-heading\" data-id=\"7fbc499\" data-element_type=\"widget\" data-widget_type=\"heading.default\">\n\t\t\t\t<div class=\"elementor-widget-container\">\n\t\t\t\t\t<div class=\"elementor-heading-title elementor-size-default\">Ana Gl\u00f3ria Gomes\n<\/div>\t\t\t\t<\/div>\n\t\t\t\t<\/div>\n\t\t\t\t<\/div>\n\t\t\t\t<\/div>\n\t\t\t\t<\/div>\n\t\t\t\t<\/div>\n\t\t\t\t\t<\/div>\n\t\t\t\t<\/div>\n\t\t\t\t<\/div>\n\t\t","protected":false},"excerpt":{"rendered":"<p>Conselho Administrativo Compromisso com o conhecimento e com a comunidade Conselho Administrativo O conselho administrativo \u00e9 o \u00f3rg\u00e3o deliberativo em mat\u00e9ria administrativo-financeira do agrupamento de escolas ou escola n\u00e3o agrupada. Presidente Carla Alexandra Diogo de Faria Mansur Floriano Sem\u00e1 Santos Ana Gl\u00f3ria Gomes<\/p>\n","protected":false},"author":5,"featured_media":838,"parent":717,"menu_order":0,"comment_status":"closed","ping_status":"closed","template":"elementor_header_footer","meta":{"_acf_changed":false,"footnotes":""},"class_list":["post-1256","page","type-page","status-publish","has-post-thumbnail","hentry"],"blocksy_meta":[],"acf":[],"_links":{"self":[{"href":"https:\/\/aedlv.pt\/index.php?rest_route=\/wp\/v2\/pages\/1256","targetHints":{"allow":["GET"]}}],"collection":[{"href":"https:\/\/aedlv.pt\/index.php?rest_route=\/wp\/v2\/pages"}],"about":[{"href":"https:\/\/aedlv.pt\/index.php?rest_route=\/wp\/v2\/types\/page"}],"author":[{"embeddable":true,"href":"https:\/\/aedlv.pt\/index.php?rest_route=\/wp\/v2\/users\/5"}],"replies":[{"embeddable":true,"href":"https:\/\/aedlv.pt\/index.php?rest_route=%2Fwp%2Fv2%2Fcomments&post=1256"}],"version-history":[{"count":10,"href":"https:\/\/aedlv.pt\/index.php?rest_route=\/wp\/v2\/pages\/1256\/revisions"}],"predecessor-version":[{"id":2159,"href":"https:\/\/aedlv.pt\/index.php?rest_route=\/wp\/v2\/pages\/1256\/revisions\/2159"}],"up":[{"embeddable":true,"href":"https:\/\/aedlv.pt\/index.php?rest_route=\/wp\/v2\/pages\/717"}],"wp:featuredmedia":[{"embeddable":true,"href":"https:\/\/aedlv.pt\/index.php?rest_route=\/wp\/v2\/media\/838"}],"wp:attachment":[{"href":"https:\/\/aedlv.pt\/index.php?rest_route=%2Fwp%2Fv2%2Fmedia&parent=1256"}],"curies":[{"name":"wp","href":"https:\/\/api.w.org\/{rel}","templated":true}]}}