{"id":759,"date":"2025-06-09T10:56:02","date_gmt":"2025-06-09T09:56:02","guid":{"rendered":"https:\/\/site.aedlv.pt\/?page_id=759"},"modified":"2026-04-25T21:12:35","modified_gmt":"2026-04-25T20:12:35","slug":"direcao","status":"publish","type":"page","link":"https:\/\/aedlv.pt\/?page_id=759","title":{"rendered":"Dire\u00e7\u00e3o"},"content":{"rendered":"\t\t<div data-elementor-type=\"wp-page\" data-elementor-id=\"759\" class=\"elementor elementor-759\" data-elementor-post-type=\"page\">\n\t\t\t\t<div class=\"elementor-element elementor-element-af2f92d e-con-full e-flex e-con e-parent\" data-id=\"af2f92d\" data-element_type=\"container\" data-settings=\"{&quot;background_background&quot;:&quot;classic&quot;}\">\n\t\t\t\t<div class=\"elementor-element elementor-element-82b5248 animated-slow elementor-invisible elementor-widget elementor-widget-heading\" data-id=\"82b5248\" data-element_type=\"widget\" data-settings=\"{&quot;_animation&quot;:&quot;zoomIn&quot;}\" data-widget_type=\"heading.default\">\n\t\t\t\t<div class=\"elementor-widget-container\">\n\t\t\t\t\t<h1 class=\"elementor-heading-title elementor-size-default\">Dire\u00e7\u00e3o<\/h1>\t\t\t\t<\/div>\n\t\t\t\t<\/div>\n\t\t\t\t<div class=\"elementor-element elementor-element-a6bdfee elementor-invisible elementor-widget elementor-widget-text-editor\" data-id=\"a6bdfee\" data-element_type=\"widget\" data-settings=\"{&quot;_animation&quot;:&quot;fadeIn&quot;}\" data-widget_type=\"text-editor.default\">\n\t\t\t\t<div class=\"elementor-widget-container\">\n\t\t\t\t\t\t\t\t\t<p>Compromisso com o conhecimento e com a comunidade<\/p>\t\t\t\t\t\t\t\t<\/div>\n\t\t\t\t<\/div>\n\t\t\t\t<\/div>\n\t\t<div class=\"elementor-element elementor-element-a2da0d5 e-flex e-con-boxed elementor-invisible e-con e-parent\" data-id=\"a2da0d5\" data-element_type=\"container\" data-settings=\"{&quot;animation&quot;:&quot;fadeIn&quot;}\">\n\t\t\t\t\t<div class=\"e-con-inner\">\n\t\t<div class=\"elementor-element elementor-element-25c55c0 e-con-full e-flex elementor-invisible e-con e-child\" data-id=\"25c55c0\" data-element_type=\"container\" data-settings=\"{&quot;animation&quot;:&quot;fadeIn&quot;,&quot;background_background&quot;:&quot;classic&quot;}\">\n\t\t<div class=\"elementor-element elementor-element-ad5ad6a e-con-full e-flex e-con e-child\" data-id=\"ad5ad6a\" data-element_type=\"container\" data-settings=\"{&quot;background_background&quot;:&quot;classic&quot;}\">\n\t\t\t\t<div class=\"elementor-element elementor-element-bd8c9e6 elementor-widget elementor-widget-heading\" data-id=\"bd8c9e6\" data-element_type=\"widget\" data-widget_type=\"heading.default\">\n\t\t\t\t<div class=\"elementor-widget-container\">\n\t\t\t\t\t<h2 class=\"elementor-heading-title elementor-size-default\">Dire\u00e7\u00e3o<\/h2>\t\t\t\t<\/div>\n\t\t\t\t<\/div>\n\t\t\t\t<\/div>\n\t\t\t\t<div class=\"elementor-element elementor-element-4b3408d elementor-widget elementor-widget-text-editor\" data-id=\"4b3408d\" data-element_type=\"widget\" data-widget_type=\"text-editor.default\">\n\t\t\t\t<div class=\"elementor-widget-container\">\n\t\t\t\t\t\t\t\t\t<p>O diretor \u00e9 o \u00f3rg\u00e3o de administra\u00e7\u00e3o e gest\u00e3o do Agrupamento nas \u00e1reas pedag\u00f3gica, cultural, administrativa, financeira e patrimonial. (art.\u00ba 15.\u00ba do RI)<\/p><p>As compet\u00eancias do Diretor est\u00e3o estabelecidas no art.\u00ba 17.\u00ba do RI.<\/p>\t\t\t\t\t\t\t\t<\/div>\n\t\t\t\t<\/div>\n\t\t<div class=\"elementor-element elementor-element-e0118be e-con-full e-flex e-con e-child\" data-id=\"e0118be\" data-element_type=\"container\">\n\t\t<div class=\"elementor-element elementor-element-2c762f7 e-con-full e-flex e-con e-child\" data-id=\"2c762f7\" data-element_type=\"container\">\n\t\t\t\t<div class=\"elementor-element elementor-element-36f8abc elementor-widget elementor-widget-heading\" data-id=\"36f8abc\" data-element_type=\"widget\" data-widget_type=\"heading.default\">\n\t\t\t\t<div class=\"elementor-widget-container\">\n\t\t\t\t\t<h5 class=\"elementor-heading-title elementor-size-default\">Diretor<\/h5>\t\t\t\t<\/div>\n\t\t\t\t<\/div>\n\t\t\t\t<\/div>\n\t\t<div class=\"elementor-element elementor-element-a1d93ef e-con-full e-flex e-con e-child\" data-id=\"a1d93ef\" data-element_type=\"container\">\n\t\t<div class=\"elementor-element elementor-element-fdcefd3 e-con-full e-flex e-con e-child\" data-id=\"fdcefd3\" data-element_type=\"container\" data-settings=\"{&quot;background_background&quot;:&quot;classic&quot;}\">\n\t\t\t\t<div class=\"elementor-element elementor-element-3ceb3e3 elementor-widget elementor-widget-heading\" data-id=\"3ceb3e3\" data-element_type=\"widget\" data-widget_type=\"heading.default\">\n\t\t\t\t<div class=\"elementor-widget-container\">\n\t\t\t\t\t<div class=\"elementor-heading-title elementor-size-default\">Carla Alexandra Diogo de Faria\n<\/div>\t\t\t\t<\/div>\n\t\t\t\t<\/div>\n\t\t\t\t<\/div>\n\t\t\t\t<\/div>\n\t\t\t\t<\/div>\n\t\t<div class=\"elementor-element elementor-element-75da4d3 e-con-full e-flex e-con e-child\" data-id=\"75da4d3\" data-element_type=\"container\">\n\t\t<div class=\"elementor-element elementor-element-c5d8075 e-con-full e-flex e-con e-child\" data-id=\"c5d8075\" data-element_type=\"container\">\n\t\t\t\t<div class=\"elementor-element elementor-element-2c975f3 elementor-widget elementor-widget-heading\" data-id=\"2c975f3\" data-element_type=\"widget\" data-widget_type=\"heading.default\">\n\t\t\t\t<div class=\"elementor-widget-container\">\n\t\t\t\t\t<h5 class=\"elementor-heading-title elementor-size-default\">Sub-Diretor<\/h5>\t\t\t\t<\/div>\n\t\t\t\t<\/div>\n\t\t\t\t<\/div>\n\t\t<div class=\"elementor-element elementor-element-12699bf e-con-full e-flex e-con e-child\" data-id=\"12699bf\" data-element_type=\"container\">\n\t\t<div class=\"elementor-element elementor-element-e12d7fb e-con-full e-flex e-con e-child\" data-id=\"e12d7fb\" data-element_type=\"container\" data-settings=\"{&quot;background_background&quot;:&quot;classic&quot;}\">\n\t\t\t\t<div class=\"elementor-element elementor-element-03d695e elementor-widget elementor-widget-heading\" data-id=\"03d695e\" data-element_type=\"widget\" data-widget_type=\"heading.default\">\n\t\t\t\t<div class=\"elementor-widget-container\">\n\t\t\t\t\t<div class=\"elementor-heading-title elementor-size-default\">Mansur Floriano Sem\u00e1 Santos\n<\/div>\t\t\t\t<\/div>\n\t\t\t\t<\/div>\n\t\t\t\t<\/div>\n\t\t\t\t<\/div>\n\t\t\t\t<\/div>\n\t\t<div class=\"elementor-element elementor-element-6235129 e-con-full e-flex e-con e-child\" data-id=\"6235129\" data-element_type=\"container\">\n\t\t<div class=\"elementor-element elementor-element-2d4c45b e-con-full e-flex e-con e-child\" data-id=\"2d4c45b\" data-element_type=\"container\">\n\t\t\t\t<div class=\"elementor-element elementor-element-ef447b4 elementor-widget elementor-widget-heading\" data-id=\"ef447b4\" data-element_type=\"widget\" data-widget_type=\"heading.default\">\n\t\t\t\t<div class=\"elementor-widget-container\">\n\t\t\t\t\t<h5 class=\"elementor-heading-title elementor-size-default\">Adjunto do Diretor<\/h5>\t\t\t\t<\/div>\n\t\t\t\t<\/div>\n\t\t\t\t<\/div>\n\t\t<div class=\"elementor-element elementor-element-c5ad800 e-con-full e-flex e-con e-child\" data-id=\"c5ad800\" data-element_type=\"container\">\n\t\t<div class=\"elementor-element elementor-element-75be48b e-con-full e-flex e-con e-child\" data-id=\"75be48b\" data-element_type=\"container\" data-settings=\"{&quot;background_background&quot;:&quot;classic&quot;}\">\n\t\t\t\t<div class=\"elementor-element elementor-element-7fbc499 elementor-widget elementor-widget-heading\" data-id=\"7fbc499\" data-element_type=\"widget\" data-widget_type=\"heading.default\">\n\t\t\t\t<div class=\"elementor-widget-container\">\n\t\t\t\t\t<div class=\"elementor-heading-title elementor-size-default\">Lu\u00eds Miguel Valentim Martins\n<\/div>\t\t\t\t<\/div>\n\t\t\t\t<\/div>\n\t\t\t\t<\/div>\n\t\t\t\t<\/div>\n\t\t\t\t<\/div>\n\t\t<div class=\"elementor-element elementor-element-dcd3e21 e-con-full e-flex e-con e-child\" data-id=\"dcd3e21\" data-element_type=\"container\">\n\t\t<div class=\"elementor-element elementor-element-f541470 e-con-full e-flex e-con e-child\" data-id=\"f541470\" data-element_type=\"container\">\n\t\t\t\t<div class=\"elementor-element elementor-element-0c8bfe4 elementor-widget elementor-widget-heading\" data-id=\"0c8bfe4\" data-element_type=\"widget\" data-widget_type=\"heading.default\">\n\t\t\t\t<div class=\"elementor-widget-container\">\n\t\t\t\t\t<h5 class=\"elementor-heading-title elementor-size-default\">Adjunta do Diretor<\/h5>\t\t\t\t<\/div>\n\t\t\t\t<\/div>\n\t\t\t\t<\/div>\n\t\t<div class=\"elementor-element elementor-element-f2407c1 e-con-full e-flex e-con e-child\" data-id=\"f2407c1\" data-element_type=\"container\">\n\t\t<div class=\"elementor-element elementor-element-3db9458 e-con-full e-flex e-con e-child\" data-id=\"3db9458\" data-element_type=\"container\" data-settings=\"{&quot;background_background&quot;:&quot;classic&quot;}\">\n\t\t\t\t<div class=\"elementor-element elementor-element-7d1cef6 elementor-widget elementor-widget-heading\" data-id=\"7d1cef6\" data-element_type=\"widget\" data-widget_type=\"heading.default\">\n\t\t\t\t<div class=\"elementor-widget-container\">\n\t\t\t\t\t<div class=\"elementor-heading-title elementor-size-default\">Sandra Paula Martins Gon\u00e7alves Serra<\/div>\t\t\t\t<\/div>\n\t\t\t\t<\/div>\n\t\t\t\t<\/div>\n\t\t\t\t<\/div>\n\t\t\t\t<\/div>\n\t\t\t\t<\/div>\n\t\t<div class=\"elementor-element elementor-element-accc673 e-con-full e-flex elementor-invisible e-con e-child\" data-id=\"accc673\" data-element_type=\"container\" data-settings=\"{&quot;animation&quot;:&quot;fadeIn&quot;,&quot;background_background&quot;:&quot;classic&quot;}\">\n\t\t<div class=\"elementor-element elementor-element-88dcd74 e-con-full e-flex e-con e-child\" data-id=\"88dcd74\" data-element_type=\"container\" data-settings=\"{&quot;background_background&quot;:&quot;classic&quot;}\">\n\t\t\t\t<div class=\"elementor-element elementor-element-ad2d271 elementor-widget elementor-widget-heading\" data-id=\"ad2d271\" data-element_type=\"widget\" data-widget_type=\"heading.default\">\n\t\t\t\t<div class=\"elementor-widget-container\">\n\t\t\t\t\t<h6 class=\"elementor-heading-title elementor-size-default\">Coordenadores de Estabelecimento<\/h6>\t\t\t\t<\/div>\n\t\t\t\t<\/div>\n\t\t\t\t<\/div>\n\t\t<div class=\"elementor-element elementor-element-5366aee e-con-full e-flex e-con e-child\" data-id=\"5366aee\" data-element_type=\"container\">\n\t\t<div class=\"elementor-element elementor-element-2e1459a e-con-full e-flex e-con e-child\" data-id=\"2e1459a\" data-element_type=\"container\">\n\t\t\t\t<div class=\"elementor-element elementor-element-7166de1 elementor-widget elementor-widget-heading\" data-id=\"7166de1\" data-element_type=\"widget\" data-widget_type=\"heading.default\">\n\t\t\t\t<div class=\"elementor-widget-container\">\n\t\t\t\t\t<h5 class=\"elementor-heading-title elementor-size-default\">Escola B\u00e1sica 1.\u00ba ciclo com JI da Lourinh\u00e3<\/h5>\t\t\t\t<\/div>\n\t\t\t\t<\/div>\n\t\t\t\t<\/div>\n\t\t<div class=\"elementor-element elementor-element-47ac4c3 e-con-full e-flex e-con e-child\" data-id=\"47ac4c3\" data-element_type=\"container\">\n\t\t<div class=\"elementor-element elementor-element-19b8a45 e-con-full e-flex e-con e-child\" data-id=\"19b8a45\" data-element_type=\"container\" data-settings=\"{&quot;background_background&quot;:&quot;classic&quot;}\">\n\t\t\t\t<div class=\"elementor-element elementor-element-572d421 elementor-widget elementor-widget-heading\" data-id=\"572d421\" data-element_type=\"widget\" data-widget_type=\"heading.default\">\n\t\t\t\t<div class=\"elementor-widget-container\">\n\t\t\t\t\t<div class=\"elementor-heading-title elementor-size-default\">Dora Mar\u00edlia Mateus Menino<\/div>\t\t\t\t<\/div>\n\t\t\t\t<\/div>\n\t\t\t\t<\/div>\n\t\t\t\t<\/div>\n\t\t\t\t<\/div>\n\t\t<div class=\"elementor-element elementor-element-a88105c e-con-full e-flex e-con e-child\" data-id=\"a88105c\" data-element_type=\"container\">\n\t\t<div class=\"elementor-element elementor-element-29de91a e-con-full e-flex e-con e-child\" data-id=\"29de91a\" data-element_type=\"container\">\n\t\t\t\t<div class=\"elementor-element elementor-element-fb91daf elementor-widget elementor-widget-heading\" data-id=\"fb91daf\" data-element_type=\"widget\" data-widget_type=\"heading.default\">\n\t\t\t\t<div class=\"elementor-widget-container\">\n\t\t\t\t\t<h5 class=\"elementor-heading-title elementor-size-default\">Escola B\u00e1sica Integrada de Ribamar<\/h5>\t\t\t\t<\/div>\n\t\t\t\t<\/div>\n\t\t\t\t<\/div>\n\t\t<div class=\"elementor-element elementor-element-83b4aea e-con-full e-flex e-con e-child\" data-id=\"83b4aea\" data-element_type=\"container\">\n\t\t<div class=\"elementor-element elementor-element-4dd3866 e-con-full e-flex e-con e-child\" data-id=\"4dd3866\" data-element_type=\"container\" data-settings=\"{&quot;background_background&quot;:&quot;classic&quot;}\">\n\t\t\t\t<div class=\"elementor-element elementor-element-339507f elementor-widget elementor-widget-heading\" data-id=\"339507f\" data-element_type=\"widget\" data-widget_type=\"heading.default\">\n\t\t\t\t<div class=\"elementor-widget-container\">\n\t\t\t\t\t<div class=\"elementor-heading-title elementor-size-default\">Ana Mafalda Serra Martins<\/div>\t\t\t\t<\/div>\n\t\t\t\t<\/div>\n\t\t\t\t<\/div>\n\t\t\t\t<\/div>\n\t\t\t\t<\/div>\n\t\t<div class=\"elementor-element elementor-element-a63277b e-con-full e-flex e-con e-child\" data-id=\"a63277b\" data-element_type=\"container\">\n\t\t<div class=\"elementor-element elementor-element-1b84d91 e-con-full e-flex e-con e-child\" data-id=\"1b84d91\" data-element_type=\"container\">\n\t\t\t\t<div class=\"elementor-element elementor-element-63029db elementor-widget elementor-widget-heading\" data-id=\"63029db\" data-element_type=\"widget\" data-widget_type=\"heading.default\">\n\t\t\t\t<div class=\"elementor-widget-container\">\n\t\t\t\t\t<h5 class=\"elementor-heading-title elementor-size-default\">Escola B\u00e1sica 1.\u00ba Ciclo com JI do Seixal\n<\/h5>\t\t\t\t<\/div>\n\t\t\t\t<\/div>\n\t\t\t\t<\/div>\n\t\t<div class=\"elementor-element elementor-element-b4c39b9 e-con-full e-flex e-con e-child\" data-id=\"b4c39b9\" data-element_type=\"container\">\n\t\t<div class=\"elementor-element elementor-element-c1d96a2 e-con-full e-flex e-con e-child\" data-id=\"c1d96a2\" data-element_type=\"container\" data-settings=\"{&quot;background_background&quot;:&quot;classic&quot;}\">\n\t\t\t\t<div class=\"elementor-element elementor-element-3509808 elementor-widget elementor-widget-heading\" data-id=\"3509808\" data-element_type=\"widget\" data-widget_type=\"heading.default\">\n\t\t\t\t<div class=\"elementor-widget-container\">\n\t\t\t\t\t<div class=\"elementor-heading-title elementor-size-default\">M\u00f3nica Cristina Ambr\u00f3sio Faleiro<\/div>\t\t\t\t<\/div>\n\t\t\t\t<\/div>\n\t\t\t\t<\/div>\n\t\t\t\t<\/div>\n\t\t\t\t<\/div>\n\t\t<div class=\"elementor-element elementor-element-9d22ded e-con-full e-flex e-con e-child\" data-id=\"9d22ded\" data-element_type=\"container\">\n\t\t<div class=\"elementor-element elementor-element-9dd84c6 e-con-full e-flex e-con e-child\" data-id=\"9dd84c6\" data-element_type=\"container\">\n\t\t\t\t<div class=\"elementor-element elementor-element-f8fcabf elementor-widget elementor-widget-heading\" data-id=\"f8fcabf\" data-element_type=\"widget\" data-widget_type=\"heading.default\">\n\t\t\t\t<div class=\"elementor-widget-container\">\n\t\t\t\t\t<h5 class=\"elementor-heading-title elementor-size-default\">Escola B\u00e1sica 1.\u00ba Ciclo com JI Praia da Areia Branca<\/h5>\t\t\t\t<\/div>\n\t\t\t\t<\/div>\n\t\t\t\t<\/div>\n\t\t<div class=\"elementor-element elementor-element-3a7e72b e-con-full e-flex e-con e-child\" data-id=\"3a7e72b\" data-element_type=\"container\">\n\t\t<div class=\"elementor-element elementor-element-8b1d289 e-con-full e-flex e-con e-child\" data-id=\"8b1d289\" data-element_type=\"container\" data-settings=\"{&quot;background_background&quot;:&quot;classic&quot;}\">\n\t\t\t\t<div class=\"elementor-element elementor-element-331e7f0 elementor-widget elementor-widget-heading\" data-id=\"331e7f0\" data-element_type=\"widget\" data-widget_type=\"heading.default\">\n\t\t\t\t<div class=\"elementor-widget-container\">\n\t\t\t\t\t<div class=\"elementor-heading-title elementor-size-default\">Marta Ferreira\n<\/div>\t\t\t\t<\/div>\n\t\t\t\t<\/div>\n\t\t\t\t<\/div>\n\t\t\t\t<\/div>\n\t\t\t\t<\/div>\n\t\t<div class=\"elementor-element elementor-element-c929351 e-con-full e-flex e-con e-child\" data-id=\"c929351\" data-element_type=\"container\">\n\t\t<div class=\"elementor-element elementor-element-970c5fb e-con-full e-flex e-con e-child\" data-id=\"970c5fb\" data-element_type=\"container\">\n\t\t\t\t<div class=\"elementor-element elementor-element-6b60f46 elementor-widget elementor-widget-heading\" data-id=\"6b60f46\" data-element_type=\"widget\" data-widget_type=\"heading.default\">\n\t\t\t\t<div class=\"elementor-widget-container\">\n\t\t\t\t\t<h5 class=\"elementor-heading-title elementor-size-default\">Escola B\u00e1sica 1.\u00ba Ciclo com JI do Vimeiro\n<\/h5>\t\t\t\t<\/div>\n\t\t\t\t<\/div>\n\t\t\t\t<\/div>\n\t\t<div class=\"elementor-element elementor-element-25ecc1b e-con-full e-flex e-con e-child\" data-id=\"25ecc1b\" data-element_type=\"container\">\n\t\t<div class=\"elementor-element elementor-element-c8cb2f0 e-con-full e-flex e-con e-child\" data-id=\"c8cb2f0\" data-element_type=\"container\" data-settings=\"{&quot;background_background&quot;:&quot;classic&quot;}\">\n\t\t\t\t<div class=\"elementor-element elementor-element-32da13b elementor-widget elementor-widget-heading\" data-id=\"32da13b\" data-element_type=\"widget\" data-widget_type=\"heading.default\">\n\t\t\t\t<div class=\"elementor-widget-container\">\n\t\t\t\t\t<div class=\"elementor-heading-title elementor-size-default\">Fernanda Silva<\/div>\t\t\t\t<\/div>\n\t\t\t\t<\/div>\n\t\t\t\t<\/div>\n\t\t\t\t<\/div>\n\t\t\t\t<\/div>\n\t\t<div class=\"elementor-element elementor-element-7d3402d e-con-full e-flex e-con e-child\" data-id=\"7d3402d\" data-element_type=\"container\">\n\t\t<div class=\"elementor-element elementor-element-1cc8cb4 e-con-full e-flex e-con e-child\" data-id=\"1cc8cb4\" data-element_type=\"container\">\n\t\t\t\t<div class=\"elementor-element elementor-element-6d79b61 elementor-widget elementor-widget-heading\" data-id=\"6d79b61\" data-element_type=\"widget\" data-widget_type=\"heading.default\">\n\t\t\t\t<div class=\"elementor-widget-container\">\n\t\t\t\t\t<h5 class=\"elementor-heading-title elementor-size-default\">Escola Basica 1.\u00ba ciclo da Marquiteira\n<\/h5>\t\t\t\t<\/div>\n\t\t\t\t<\/div>\n\t\t\t\t<\/div>\n\t\t<div class=\"elementor-element elementor-element-270b8ca e-con-full e-flex e-con e-child\" data-id=\"270b8ca\" data-element_type=\"container\">\n\t\t<div class=\"elementor-element elementor-element-f38a097 e-con-full e-flex e-con e-child\" data-id=\"f38a097\" data-element_type=\"container\" data-settings=\"{&quot;background_background&quot;:&quot;classic&quot;}\">\n\t\t\t\t<div class=\"elementor-element elementor-element-23eb99e elementor-widget elementor-widget-heading\" data-id=\"23eb99e\" data-element_type=\"widget\" data-widget_type=\"heading.default\">\n\t\t\t\t<div class=\"elementor-widget-container\">\n\t\t\t\t\t<div class=\"elementor-heading-title elementor-size-default\">Filipa Marques\n<\/div>\t\t\t\t<\/div>\n\t\t\t\t<\/div>\n\t\t\t\t<\/div>\n\t\t\t\t<\/div>\n\t\t\t\t<\/div>\n\t\t<div class=\"elementor-element elementor-element-d6f99c2 e-con-full e-flex e-con e-child\" data-id=\"d6f99c2\" data-element_type=\"container\">\n\t\t<div class=\"elementor-element elementor-element-50d450c e-con-full e-flex e-con e-child\" data-id=\"50d450c\" data-element_type=\"container\">\n\t\t\t\t<div class=\"elementor-element elementor-element-3fc98f7 elementor-widget elementor-widget-heading\" data-id=\"3fc98f7\" data-element_type=\"widget\" data-widget_type=\"heading.default\">\n\t\t\t\t<div class=\"elementor-widget-container\">\n\t\t\t\t\t<h5 class=\"elementor-heading-title elementor-size-default\">Escola Basica 1.\u00ba ciclo com JI do Casal Novo\n<\/h5>\t\t\t\t<\/div>\n\t\t\t\t<\/div>\n\t\t\t\t<\/div>\n\t\t<div class=\"elementor-element elementor-element-f993032 e-con-full e-flex e-con e-child\" data-id=\"f993032\" data-element_type=\"container\">\n\t\t<div class=\"elementor-element elementor-element-2d08b7d e-con-full e-flex e-con e-child\" data-id=\"2d08b7d\" data-element_type=\"container\" data-settings=\"{&quot;background_background&quot;:&quot;classic&quot;}\">\n\t\t\t\t<div class=\"elementor-element elementor-element-945c148 elementor-widget elementor-widget-heading\" data-id=\"945c148\" data-element_type=\"widget\" data-widget_type=\"heading.default\">\n\t\t\t\t<div class=\"elementor-widget-container\">\n\t\t\t\t\t<div class=\"elementor-heading-title elementor-size-default\">Susate Mada\u00edl\n<\/div>\t\t\t\t<\/div>\n\t\t\t\t<\/div>\n\t\t\t\t<\/div>\n\t\t\t\t<\/div>\n\t\t\t\t<\/div>\n\t\t<div class=\"elementor-element elementor-element-fde0165 e-con-full e-flex e-con e-child\" data-id=\"fde0165\" data-element_type=\"container\">\n\t\t<div class=\"elementor-element elementor-element-add0822 e-con-full e-flex e-con e-child\" data-id=\"add0822\" data-element_type=\"container\">\n\t\t\t\t<div class=\"elementor-element elementor-element-7ae99e5 elementor-widget elementor-widget-heading\" data-id=\"7ae99e5\" data-element_type=\"widget\" data-widget_type=\"heading.default\">\n\t\t\t\t<div class=\"elementor-widget-container\">\n\t\t\t\t\t<h5 class=\"elementor-heading-title elementor-size-default\">Escola Basica 1.\u00ba ciclo da Zambujeira\n<\/h5>\t\t\t\t<\/div>\n\t\t\t\t<\/div>\n\t\t\t\t<\/div>\n\t\t<div class=\"elementor-element elementor-element-9e74c89 e-con-full e-flex e-con e-child\" data-id=\"9e74c89\" data-element_type=\"container\">\n\t\t<div class=\"elementor-element elementor-element-40e0cb4 e-con-full e-flex e-con e-child\" data-id=\"40e0cb4\" data-element_type=\"container\" data-settings=\"{&quot;background_background&quot;:&quot;classic&quot;}\">\n\t\t\t\t<div class=\"elementor-element elementor-element-60d4057 elementor-widget elementor-widget-heading\" data-id=\"60d4057\" data-element_type=\"widget\" data-widget_type=\"heading.default\">\n\t\t\t\t<div class=\"elementor-widget-container\">\n\t\t\t\t\t<div class=\"elementor-heading-title elementor-size-default\">Maria Clara Madeira\n<\/div>\t\t\t\t<\/div>\n\t\t\t\t<\/div>\n\t\t\t\t<\/div>\n\t\t\t\t<\/div>\n\t\t\t\t<\/div>\n\t\t<div class=\"elementor-element elementor-element-6f810d5 e-con-full e-flex e-con e-child\" data-id=\"6f810d5\" data-element_type=\"container\">\n\t\t<div class=\"elementor-element elementor-element-340fb3f e-con-full e-flex e-con e-child\" data-id=\"340fb3f\" data-element_type=\"container\">\n\t\t\t\t<div class=\"elementor-element elementor-element-260c0cf elementor-widget elementor-widget-heading\" data-id=\"260c0cf\" data-element_type=\"widget\" data-widget_type=\"heading.default\">\n\t\t\t\t<div class=\"elementor-widget-container\">\n\t\t\t\t\t<h5 class=\"elementor-heading-title elementor-size-default\">JI Ventosa\n<\/h5>\t\t\t\t<\/div>\n\t\t\t\t<\/div>\n\t\t\t\t<\/div>\n\t\t<div class=\"elementor-element elementor-element-a2bb656 e-con-full e-flex e-con e-child\" data-id=\"a2bb656\" data-element_type=\"container\">\n\t\t<div class=\"elementor-element elementor-element-74c2b1e e-con-full e-flex e-con e-child\" data-id=\"74c2b1e\" data-element_type=\"container\" data-settings=\"{&quot;background_background&quot;:&quot;classic&quot;}\">\n\t\t\t\t<div class=\"elementor-element elementor-element-a56d88e elementor-widget elementor-widget-heading\" data-id=\"a56d88e\" data-element_type=\"widget\" data-widget_type=\"heading.default\">\n\t\t\t\t<div class=\"elementor-widget-container\">\n\t\t\t\t\t<div class=\"elementor-heading-title elementor-size-default\">Cl\u00e1udia Suissas\n<\/div>\t\t\t\t<\/div>\n\t\t\t\t<\/div>\n\t\t\t\t<\/div>\n\t\t\t\t<\/div>\n\t\t\t\t<\/div>\n\t\t\t\t<\/div>\n\t\t\t\t\t<\/div>\n\t\t\t\t<\/div>\n\t\t\t\t<\/div>\n\t\t","protected":false},"excerpt":{"rendered":"<p>Dire\u00e7\u00e3o Compromisso com o conhecimento e com a comunidade Dire\u00e7\u00e3o O diretor \u00e9 o \u00f3rg\u00e3o de administra\u00e7\u00e3o e gest\u00e3o do Agrupamento nas \u00e1reas pedag\u00f3gica, cultural, administrativa, financeira e patrimonial. (art.\u00ba 15.\u00ba do RI) As compet\u00eancias do Diretor est\u00e3o estabelecidas no art.\u00ba 17.\u00ba do RI. Diretor Carla Alexandra Diogo de Faria Sub-Diretor Mansur Floriano Sem\u00e1 Santos [&hellip;]<\/p>\n","protected":false},"author":5,"featured_media":838,"parent":717,"menu_order":0,"comment_status":"closed","ping_status":"closed","template":"elementor_header_footer","meta":{"_acf_changed":false,"footnotes":""},"class_list":["post-759","page","type-page","status-publish","has-post-thumbnail","hentry"],"blocksy_meta":[],"acf":[],"_links":{"self":[{"href":"https:\/\/aedlv.pt\/index.php?rest_route=\/wp\/v2\/pages\/759","targetHints":{"allow":["GET"]}}],"collection":[{"href":"https:\/\/aedlv.pt\/index.php?rest_route=\/wp\/v2\/pages"}],"about":[{"href":"https:\/\/aedlv.pt\/index.php?rest_route=\/wp\/v2\/types\/page"}],"author":[{"embeddable":true,"href":"https:\/\/aedlv.pt\/index.php?rest_route=\/wp\/v2\/users\/5"}],"replies":[{"embeddable":true,"href":"https:\/\/aedlv.pt\/index.php?rest_route=%2Fwp%2Fv2%2Fcomments&post=759"}],"version-history":[{"count":86,"href":"https:\/\/aedlv.pt\/index.php?rest_route=\/wp\/v2\/pages\/759\/revisions"}],"predecessor-version":[{"id":2420,"href":"https:\/\/aedlv.pt\/index.php?rest_route=\/wp\/v2\/pages\/759\/revisions\/2420"}],"up":[{"embeddable":true,"href":"https:\/\/aedlv.pt\/index.php?rest_route=\/wp\/v2\/pages\/717"}],"wp:featuredmedia":[{"embeddable":true,"href":"https:\/\/aedlv.pt\/index.php?rest_route=\/wp\/v2\/media\/838"}],"wp:attachment":[{"href":"https:\/\/aedlv.pt\/index.php?rest_route=%2Fwp%2Fv2%2Fmedia&parent=759"}],"curies":[{"name":"wp","href":"https:\/\/api.w.org\/{rel}","templated":true}]}}